{"id":565,"date":"2022-08-02T12:16:26","date_gmt":"2022-08-02T10:16:26","guid":{"rendered":"https:\/\/guenstig-am-ber-parken.de\/impressum\/"},"modified":"2022-08-02T12:16:26","modified_gmt":"2022-08-02T10:16:26","slug":"impressum","status":"publish","type":"page","link":"https:\/\/guenstig-am-ber-parken.de\/pl\/impressum\/","title":{"rendered":"Impressum"},"content":{"rendered":"<div id=\"pl-565\"  class=\"panel-layout\" ><div id=\"pg-565-0\"  class=\"panel-grid panel-no-style\" ><div id=\"pgc-565-0-0\"  class=\"panel-grid-cell\" ><div id=\"panel-565-0-0-0\" class=\"so-panel widget widget_sow-editor panel-first-child panel-last-child\" data-index=\"0\" ><div\n\t\t\t\n\t\t\tclass=\"so-widget-sow-editor so-widget-sow-editor-base\"\n\t\t\t\n\t\t>\n<div class=\"siteorigin-widget-tinymce textwidget\">\n\t<h1>Impressum<\/h1>\n<p class=\"uk-text-large\">Angaben gem\u00e4\u00df \u00a7 5 TMG<\/p>\n<p>G. &amp; R. Projektentwicklung GmbH<br \/>\nSemmelweisstr. 100<br \/>\n12524 Berlin<br \/>\nDeutschland<\/p>\n<p class=\"uk-text-large\">Kontakt<\/p>\n<p>Telefon: <a class=\"\" href=\"tel:03020607090\">030 20 60 70 90<\/a><br \/>\nE-Mail: <a class=\"\" href=\"mailto:&#103;-r&#64;fr&#97;&#109;&#97;&#45;&#98;erli&#110;.d&#101;\">&#103;-r&#64;frama-&#98;&#101;r&#108;&#105;n.&#100;&#101;<\/a><\/p>\n<p class=\"uk-text-large\">Registereintrag<\/p>\n<p>Eintragung im Handelsregister.<br \/>\nRegistergericht: Amtsgericht Berlin-Charlottenburg<br \/>\nRegisternummer: HRB 569 36B<\/p>\n<p class=\"uk-text-large\">Umsatzsteuer<\/p>\n<p>Umsatzsteuer-Identifikationsnummer gem\u00e4\u00df \u00a727 a Umsatzsteuergesetz:<br \/>\nDE 331438665<\/p>\n<p class=\"uk-text-large\">Streitschlichtung<\/p>\n<p>Wir sind nicht bereit oder verpflichtet, an Streitbeilegungsverfahren vor einer Verbraucherschlichtungsstelle teilzunehmen.<br \/>\nDas Gesetzes \u00fcber die alternative Streitbeilegung in Verbrauchersachen fordert aber, dass wir Sie trotzdem auf eine f\u00fcr Sie zust\u00e4ndige Verbraucherschlichtungsstelle hinweisen:<\/p>\n<p>Allgemeine Verbraucherschlichtungsstelle des Zentrums f\u00fcr Schlichtung e. V.<br \/>\nStra\u00dfburger Str. 8<br \/>\n77694 Kehl<br \/>\nInternet: www.verbraucher-schlichter.de<\/p>\n<p class=\"uk-text-large\">Haftung f\u00fcr Inhalte<\/p>\n<p>Als Diensteanbieter sind wir gem\u00e4\u00df \u00a7 7 Abs.1 TMG f\u00fcr eigene Inhalte auf diesen Seiten nach den allgemeinen Gesetzen verantwortlich. Nach \u00a7\u00a7 8 bis 10 TMG sind wir als Diensteanbieter jedoch nicht verpflichtet, \u00fcbermittelte oder gespeicherte fremde Informationen zu \u00fcberwachen oder nach Umst\u00e4nden zu forschen, die auf eine rechtswidrige T\u00e4tigkeit hinweisen.<\/p>\n<p>Verpflichtungen zur Entfernung oder Sperrung der Nutzung von Informationen nach den allgemeinen Gesetzen bleiben hiervon unber\u00fchrt. Eine diesbez\u00fcgliche Haftung ist jedoch erst ab dem Zeitpunkt der Kenntnis einer konkreten Rechtsverletzung m\u00f6glich. Bei Bekanntwerden von entsprechenden Rechtsverletzungen werden wir diese Inhalte umgehend entfernen.<\/p>\n<p class=\"uk-text-large\">Haftung f\u00fcr Links<\/p>\n<p>Unser Angebot enth\u00e4lt Links zu externen Websites Dritter, auf deren Inhalte wir keinen Einfluss haben. Deshalb k\u00f6nnen wir f\u00fcr diese fremden Inhalte auch keine Gew\u00e4hr \u00fcbernehmen. F\u00fcr die Inhalte der verlinkten Seiten ist stets der jeweilige Anbieter oder Betreiber der Seiten verantwortlich. Die verlinkten Seiten wurden zum Zeitpunkt der Verlinkung auf m\u00f6gliche Rechtsverst\u00f6\u00dfe \u00fcberpr\u00fcft. Rechtswidrige Inhalte waren zum Zeitpunkt der Verlinkung nicht erkennbar.<\/p>\n<p>Eine permanente inhaltliche Kontrolle der verlinkten Seiten ist jedoch ohne konkrete Anhaltspunkte einer Rechtsverletzung nicht zumutbar. Bei Bekanntwerden von Rechtsverletzungen werden wir derartige Links umgehend entfernen.<\/p>\n<p class=\"uk-text-large\">Urheberrecht<\/p>\n<p>Die durch die Seitenbetreiber erstellten Inhalte und Werke auf diesen Seiten unterliegen dem deutschen Urheberrecht. Die Vervielf\u00e4ltigung, Bearbeitung, Verbreitung und jede Art der Verwertung au\u00dferhalb der Grenzen des Urheberrechtes bed\u00fcrfen der schriftlichen Zustimmung des jeweiligen Autors bzw. Erstellers. Downloads und Kopien dieser Seite sind nur f\u00fcr den privaten, nicht kommerziellen Gebrauch gestattet.<\/p>\n<p>Soweit die Inhalte auf dieser Seite nicht vom Betreiber erstellt wurden, werden die Urheberrechte Dritter beachtet. Insbesondere werden Inhalte Dritter als solche gekennzeichnet. Sollten Sie trotzdem auf eine Urheberrechtsverletzung aufmerksam werden, bitten wir um einen entsprechenden Hinweis. Bei Bekanntwerden von Rechtsverletzungen werden wir derartige Inhalte umgehend entfernen.<\/p>\n<p>Webdesign und Entwicklung von <a target=_blank\" href=\"https:\/\/firmennest.de\/\" title=\"Webagentur firmennest - website erstellen lassen\">firmennest.de<\/a><\/p>\n<div>Icons made by <a href=\"https:\/\/www.freepik.com\" title=\"Freepik\">Freepik<\/a> from <a href=\"https:\/\/www.flaticon.com\/\" title=\"Flaticon\">www.flaticon.com<\/a><\/div>\n<div>Icons made by <a href=\"https:\/\/www.flaticon.com\/authors\/monkik\" title=\"monkik\">monkik<\/a> from <a href=\"https:\/\/www.flaticon.com\/\" title=\"Flaticon\">www.flaticon.com<\/a><\/div>\n<div>Icons made by <a href=\"https:\/\/www.flaticon.com\/authors\/srip\" title=\"srip\">srip<\/a> from <a href=\"https:\/\/www.flaticon.com\/\" title=\"Flaticon\">www.flaticon.com<\/a><\/div>\n<\/div>\n<\/div><\/div><\/div><\/div><\/div>","protected":false},"excerpt":{"rendered":"<p>Impressum Angaben gem\u00e4\u00df \u00a7 5 TMG Kontakt Telefon: E-Mail: Registereintrag Eintragung im Handelsregister. Registergericht: Amtsgericht Berlin-Charlottenburg Registernummer: HRB 569 36B Umsatzsteuer Umsatzsteuer-Identifikationsnummer gem\u00e4\u00df \u00a727 a Umsatzsteuergesetz: DE 331438665 Streitschlichtung Wir sind nicht bereit oder verpflichtet, an Streitbeilegungsverfahren vor einer Verbraucherschlichtungsstelle teilzunehmen. Das Gesetzes \u00fcber die alternative Streitbeilegung in Verbrauchersachen fordert aber, dass wir Sie trotzdem [&hellip;]<\/p>\n","protected":false},"author":1,"featured_media":0,"parent":0,"menu_order":0,"comment_status":"closed","ping_status":"closed","template":"","meta":{"_acf_changed":false,"footnotes":""},"class_list":["post-565","page","type-page","status-publish","hentry"],"acf":[],"yoast_head":"<!-- This site is optimized with the Yoast SEO plugin v23.8 - https:\/\/yoast.com\/wordpress\/plugins\/seo\/ -->\n<title>Impressum | G\u00fcnstig Parken am BER Flughafen<\/title>\n<meta name=\"robots\" content=\"index, follow, max-snippet:-1, max-image-preview:large, max-video-preview:-1\" \/>\n<link rel=\"canonical\" href=\"https:\/\/guenstig-am-ber-parken.de\/pl\/impressum\/\" \/>\n<meta property=\"og:locale\" content=\"pl_PL\" \/>\n<meta property=\"og:type\" content=\"article\" \/>\n<meta property=\"og:title\" content=\"Impressum | G\u00fcnstig Parken am BER Flughafen\" \/>\n<meta property=\"og:description\" content=\"Impressum Angaben gem\u00e4\u00df \u00a7 5 TMG Kontakt Telefon: E-Mail: Registereintrag Eintragung im Handelsregister. Registergericht: Amtsgericht Berlin-Charlottenburg Registernummer: HRB 569 36B Umsatzsteuer Umsatzsteuer-Identifikationsnummer gem\u00e4\u00df \u00a727 a Umsatzsteuergesetz: DE 331438665 Streitschlichtung Wir sind nicht bereit oder verpflichtet, an Streitbeilegungsverfahren vor einer Verbraucherschlichtungsstelle teilzunehmen. Das Gesetzes \u00fcber die alternative Streitbeilegung in Verbrauchersachen fordert aber, dass wir Sie trotzdem [&hellip;]\" \/>\n<meta property=\"og:url\" content=\"https:\/\/guenstig-am-ber-parken.de\/pl\/impressum\/\" \/>\n<meta property=\"og:site_name\" content=\"G\u00fcnstig Parken am BER Flughafen\" \/>\n<meta property=\"og:image\" content=\"https:\/\/guenstig-am-ber-parken.de\/wp-content\/uploads\/Gruenbergallee_Parkplatz_V4.-small.jpg\" \/>\n\t<meta property=\"og:image:width\" content=\"900\" \/>\n\t<meta property=\"og:image:height\" content=\"636\" \/>\n\t<meta property=\"og:image:type\" content=\"image\/jpeg\" \/>\n<meta name=\"twitter:card\" content=\"summary_large_image\" \/>\n<meta name=\"twitter:label1\" content=\"Szacowany czas czytania\" \/>\n\t<meta name=\"twitter:data1\" content=\"2 minuty\" \/>\n<script type=\"application\/ld+json\" class=\"yoast-schema-graph\">{\"@context\":\"https:\/\/schema.org\",\"@graph\":[{\"@type\":\"WebPage\",\"@id\":\"https:\/\/guenstig-am-ber-parken.de\/pl\/impressum\/\",\"url\":\"https:\/\/guenstig-am-ber-parken.de\/pl\/impressum\/\",\"name\":\"Impressum | G\u00fcnstig Parken am BER Flughafen\",\"isPartOf\":{\"@id\":\"https:\/\/guenstig-am-ber-parken.de\/pl\/#website\"},\"datePublished\":\"2022-08-02T10:16:26+00:00\",\"dateModified\":\"2022-08-02T10:16:26+00:00\",\"breadcrumb\":{\"@id\":\"https:\/\/guenstig-am-ber-parken.de\/pl\/impressum\/#breadcrumb\"},\"inLanguage\":\"pl-PL\",\"potentialAction\":[{\"@type\":\"ReadAction\",\"target\":[\"https:\/\/guenstig-am-ber-parken.de\/pl\/impressum\/\"]}]},{\"@type\":\"BreadcrumbList\",\"@id\":\"https:\/\/guenstig-am-ber-parken.de\/pl\/impressum\/#breadcrumb\",\"itemListElement\":[{\"@type\":\"ListItem\",\"position\":1,\"name\":\"Startseite\",\"item\":\"https:\/\/guenstig-am-ber-parken.de\/pl\/\"},{\"@type\":\"ListItem\",\"position\":2,\"name\":\"Impressum\"}]},{\"@type\":\"WebSite\",\"@id\":\"https:\/\/guenstig-am-ber-parken.de\/pl\/#website\",\"url\":\"https:\/\/guenstig-am-ber-parken.de\/pl\/\",\"name\":\"G\u00fcnstig Parken am BER Flughafen\",\"description\":\"\",\"potentialAction\":[{\"@type\":\"SearchAction\",\"target\":{\"@type\":\"EntryPoint\",\"urlTemplate\":\"https:\/\/guenstig-am-ber-parken.de\/pl\/?s={search_term_string}\"},\"query-input\":{\"@type\":\"PropertyValueSpecification\",\"valueRequired\":true,\"valueName\":\"search_term_string\"}}],\"inLanguage\":\"pl-PL\"}]}<\/script>\n<!-- \/ Yoast SEO plugin. -->","yoast_head_json":{"title":"Impressum | G\u00fcnstig Parken am BER Flughafen","robots":{"index":"index","follow":"follow","max-snippet":"max-snippet:-1","max-image-preview":"max-image-preview:large","max-video-preview":"max-video-preview:-1"},"canonical":"https:\/\/guenstig-am-ber-parken.de\/pl\/impressum\/","og_locale":"pl_PL","og_type":"article","og_title":"Impressum | G\u00fcnstig Parken am BER Flughafen","og_description":"Impressum Angaben gem\u00e4\u00df \u00a7 5 TMG Kontakt Telefon: E-Mail: Registereintrag Eintragung im Handelsregister. Registergericht: Amtsgericht Berlin-Charlottenburg Registernummer: HRB 569 36B Umsatzsteuer Umsatzsteuer-Identifikationsnummer gem\u00e4\u00df \u00a727 a Umsatzsteuergesetz: DE 331438665 Streitschlichtung Wir sind nicht bereit oder verpflichtet, an Streitbeilegungsverfahren vor einer Verbraucherschlichtungsstelle teilzunehmen. Das Gesetzes \u00fcber die alternative Streitbeilegung in Verbrauchersachen fordert aber, dass wir Sie trotzdem [&hellip;]","og_url":"https:\/\/guenstig-am-ber-parken.de\/pl\/impressum\/","og_site_name":"G\u00fcnstig Parken am BER Flughafen","og_image":[{"width":900,"height":636,"url":"https:\/\/guenstig-am-ber-parken.de\/wp-content\/uploads\/Gruenbergallee_Parkplatz_V4.-small.jpg","type":"image\/jpeg"}],"twitter_card":"summary_large_image","twitter_misc":{"Szacowany czas czytania":"2 minuty"},"schema":{"@context":"https:\/\/schema.org","@graph":[{"@type":"WebPage","@id":"https:\/\/guenstig-am-ber-parken.de\/pl\/impressum\/","url":"https:\/\/guenstig-am-ber-parken.de\/pl\/impressum\/","name":"Impressum | G\u00fcnstig Parken am BER Flughafen","isPartOf":{"@id":"https:\/\/guenstig-am-ber-parken.de\/pl\/#website"},"datePublished":"2022-08-02T10:16:26+00:00","dateModified":"2022-08-02T10:16:26+00:00","breadcrumb":{"@id":"https:\/\/guenstig-am-ber-parken.de\/pl\/impressum\/#breadcrumb"},"inLanguage":"pl-PL","potentialAction":[{"@type":"ReadAction","target":["https:\/\/guenstig-am-ber-parken.de\/pl\/impressum\/"]}]},{"@type":"BreadcrumbList","@id":"https:\/\/guenstig-am-ber-parken.de\/pl\/impressum\/#breadcrumb","itemListElement":[{"@type":"ListItem","position":1,"name":"Startseite","item":"https:\/\/guenstig-am-ber-parken.de\/pl\/"},{"@type":"ListItem","position":2,"name":"Impressum"}]},{"@type":"WebSite","@id":"https:\/\/guenstig-am-ber-parken.de\/pl\/#website","url":"https:\/\/guenstig-am-ber-parken.de\/pl\/","name":"G\u00fcnstig Parken am BER Flughafen","description":"","potentialAction":[{"@type":"SearchAction","target":{"@type":"EntryPoint","urlTemplate":"https:\/\/guenstig-am-ber-parken.de\/pl\/?s={search_term_string}"},"query-input":{"@type":"PropertyValueSpecification","valueRequired":true,"valueName":"search_term_string"}}],"inLanguage":"pl-PL"}]}},"_links":{"self":[{"href":"https:\/\/guenstig-am-ber-parken.de\/pl\/wp-json\/wp\/v2\/pages\/565","targetHints":{"allow":["GET"]}}],"collection":[{"href":"https:\/\/guenstig-am-ber-parken.de\/pl\/wp-json\/wp\/v2\/pages"}],"about":[{"href":"https:\/\/guenstig-am-ber-parken.de\/pl\/wp-json\/wp\/v2\/types\/page"}],"author":[{"embeddable":true,"href":"https:\/\/guenstig-am-ber-parken.de\/pl\/wp-json\/wp\/v2\/users\/1"}],"replies":[{"embeddable":true,"href":"https:\/\/guenstig-am-ber-parken.de\/pl\/wp-json\/wp\/v2\/comments?post=565"}],"version-history":[{"count":0,"href":"https:\/\/guenstig-am-ber-parken.de\/pl\/wp-json\/wp\/v2\/pages\/565\/revisions"}],"wp:attachment":[{"href":"https:\/\/guenstig-am-ber-parken.de\/pl\/wp-json\/wp\/v2\/media?parent=565"}],"curies":[{"name":"wp","href":"https:\/\/api.w.org\/{rel}","templated":true}]}}